{"id":562,"date":"2023-08-17T13:55:35","date_gmt":"2023-08-17T13:55:35","guid":{"rendered":"https:\/\/hansameyer.cl\/wordpress\/index.php\/transporte-de-cargas-convencionales-2\/"},"modified":"2025-10-27T14:33:24","modified_gmt":"2025-10-27T14:33:24","slug":"transporte-de-cargas-convencionales-2","status":"publish","type":"page","link":"https:\/\/hansameyer.cl\/index.php\/es\/transporte-de-cargas-convencionales-2\/","title":{"rendered":"Transporte de cargas convencionales"},"content":{"rendered":"\t\t<div data-elementor-type=\"wp-page\" data-elementor-id=\"562\" class=\"elementor elementor-562\">\n\t\t\t\t\t\t<section class=\"elementor-section elementor-top-section elementor-element elementor-element-7cdbb947 elementor-section-height-full elementor-section-boxed elementor-section-height-default elementor-section-items-middle\" data-id=\"7cdbb947\" data-element_type=\"section\" data-settings=\"{&quot;background_background&quot;:&quot;classic&quot;}\">\n\t\t\t\t\t\t\t<div class=\"elementor-background-overlay\"><\/div>\n\t\t\t\t\t\t\t<div class=\"elementor-container elementor-column-gap-default\">\n\t\t\t\t\t<div class=\"elementor-column elementor-col-100 elementor-top-column elementor-element elementor-element-a3f2f2c\" data-id=\"a3f2f2c\" data-element_type=\"column\">\n\t\t\t<div class=\"elementor-widget-wrap\">\n\t\t\t\t\t\t\t<\/div>\n\t\t<\/div>\n\t\t\t\t\t<\/div>\n\t\t<\/section>\n\t\t\t\t<section class=\"elementor-section elementor-top-section elementor-element elementor-element-23db0c80 elementor-section-boxed elementor-section-height-default elementor-section-height-default\" data-id=\"23db0c80\" data-element_type=\"section\">\n\t\t\t\t\t\t<div class=\"elementor-container elementor-column-gap-no\">\n\t\t\t\t\t<div class=\"elementor-column elementor-col-50 elementor-top-column elementor-element elementor-element-35efd95f\" data-id=\"35efd95f\" data-element_type=\"column\">\n\t\t\t<div class=\"elementor-widget-wrap elementor-element-populated\">\n\t\t\t\t\t\t<div class=\"elementor-element elementor-element-49fc0485 elementor-widget elementor-widget-heading\" data-id=\"49fc0485\" data-element_type=\"widget\" data-widget_type=\"heading.default\">\n\t\t\t\t<div class=\"elementor-widget-container\">\n\t\t\t\t\t<h3 class=\"elementor-heading-title elementor-size-default\">Como Arquitectos del transporte, Hansa Meyer Shipway combina distintos medios de transporte por v\u00edas mar\u00edtimas, a\u00e9reas y terrestres.<\/h3>\t\t\t\t<\/div>\n\t\t\t\t<\/div>\n\t\t\t\t\t<\/div>\n\t\t<\/div>\n\t\t\t\t<div class=\"elementor-column elementor-col-50 elementor-top-column elementor-element elementor-element-66545ded\" data-id=\"66545ded\" data-element_type=\"column\">\n\t\t\t<div class=\"elementor-widget-wrap elementor-element-populated\">\n\t\t\t\t\t\t<div class=\"elementor-element elementor-element-333f1826 elementor-widget elementor-widget-text-editor\" data-id=\"333f1826\" data-element_type=\"widget\" data-widget_type=\"text-editor.default\">\n\t\t\t\t<div class=\"elementor-widget-container\">\n\t\t\t\t\t\t\t\t\t<p align=\"JUSTIFY\"><span style=\"color: #575250;\"><span style=\"font-family: Arial, sans-serif;\"><span style=\"font-size: medium;\">Las cargas son recogidas en un punto de origen y entregada en destino final. <\/span><\/span><\/span><\/p>\n<ul>\n<li>\n<p align=\"JUSTIFY\"><span style=\"color: #575250;\"><span style=\"font-family: Arial, sans-serif;\"><span style=\"font-size: medium;\">Seguimiento de Ordenes de Compra de los clientes en el exterior.<\/span><\/span><\/span><\/p>\n<\/li>\n<li>\n<p align=\"JUSTIFY\"><span style=\"color: #575250;\"><span style=\"font-family: Arial, sans-serif;\"><span style=\"font-size: medium;\">Seguros de Mercader\u00eda.<\/span><\/span><\/span><\/p>\n<\/li>\n<li>\n<p align=\"JUSTIFY\"><span style=\"color: #575250;\"><span style=\"font-family: Arial, sans-serif;\"><span style=\"font-size: medium;\">Embalaje \u2013 preparaci\u00f3n de la mercader\u00eda \u2013 etiquetados.<\/span><\/span><\/span><\/p>\n<\/li>\n<li>\n<p align=\"JUSTIFY\"><span style=\"color: #575250;\"><span style=\"font-family: Arial, sans-serif;\"><span style=\"font-size: medium;\">Recepci\u00f3n de las cargas en punto acordado con el proveedor del cliente<\/span><\/span><\/span><\/p>\n<\/li>\n<li>\n<p align=\"JUSTIFY\"><span style=\"color: #575250;\"><span style=\"font-family: Arial, sans-serif;\"><span style=\"font-size: medium;\">Transporte local hasta terminal de origen.<\/span><\/span><\/span><\/p>\n<\/li>\n<li>\n<p align=\"JUSTIFY\"><span style=\"color: #575250;\"><span style=\"font-family: Arial, sans-serif;\"><span style=\"font-size: medium;\">Coordinaci\u00f3n con la terminal de origen.<\/span><\/span><\/span><\/p>\n<\/li>\n<li>\n<p align=\"JUSTIFY\"><span style=\"color: #575250;\"><span style=\"font-family: Arial, sans-serif;\"><span style=\"font-size: medium;\">Coordinaci\u00f3n de Despachos aduaneros en origen.<\/span><\/span><\/span><\/p>\n<\/li>\n<li>\n<p align=\"JUSTIFY\"><span style=\"color: #575250;\"><span style=\"font-family: Arial, sans-serif;\"><span style=\"font-size: medium;\">Transporte internacional multimodal desde origen a destino.<\/span><\/span><\/span><\/p>\n<\/li>\n<li>\n<p align=\"JUSTIFY\"><span style=\"color: #575250;\"><span style=\"font-family: Arial, sans-serif;\"><span style=\"font-size: medium;\">Coordinaci\u00f3n de Despachos aduaneros en destino.<\/span><\/span><\/span><\/p>\n<\/li>\n<li>\n<p align=\"JUSTIFY\"><span style=\"color: #575250;\"><span style=\"font-family: Arial, sans-serif;\"><span style=\"font-size: medium;\">Transporte local hasta el punto de entrega de las cargas.<\/span><\/span><\/span><\/p>\n<\/li>\n<\/ul>\n<div style=\"text-align: justify;\"><span style=\"color: #575250; font-family: Arial, sans-serif; font-size: medium;\">&nbsp;<\/span><\/div>\n<p align=\"JUSTIFY\"><span style=\"color: #575250;\"><span style=\"font-family: Arial, sans-serif;\"><span style=\"font-size: medium;\">El cliente abona una factura \u00fanica y total por todos los servicios sin necesidad de tener&nbsp;<\/span><\/span><\/span><\/p>\n<p align=\"JUSTIFY\"><span style=\"color: #575250;\"><span style=\"font-family: Arial, sans-serif;\"><span style=\"font-size: medium;\">que&nbsp;&nbsp;<\/span><\/span><\/span><span style=\"font-size: medium; font-family: Arial, sans-serif; color: #575250; font-style: inherit; font-weight: inherit;\">contratar distintos operadores para cada uno de los tramos a realizar.<\/span><\/p>\n<p align=\"JUSTIFY\"><b><span style=\"color: #575250; font-family: Arial, sans-serif; font-size: medium;\">Simple, \u00e1gil y profesional. A<\/span><span style=\"font-size: medium; font-family: Arial, sans-serif; color: #575250; font-style: inherit;\">s\u00ed es Hansa Meyer Shipway.<\/span><\/b><\/p>\t\t\t\t\t\t\t\t<\/div>\n\t\t\t\t<\/div>\n\t\t\t\t\t<\/div>\n\t\t<\/div>\n\t\t\t\t\t<\/div>\n\t\t<\/section>\n\t\t\t\t<section class=\"elementor-section elementor-top-section elementor-element elementor-element-3ea0508d elementor-section-boxed elementor-section-height-default elementor-section-height-default\" data-id=\"3ea0508d\" data-element_type=\"section\" data-settings=\"{&quot;background_background&quot;:&quot;classic&quot;}\">\n\t\t\t\t\t\t<div class=\"elementor-container elementor-column-gap-default\">\n\t\t\t\t\t<div class=\"elementor-column elementor-col-100 elementor-top-column elementor-element elementor-element-5d83c247\" data-id=\"5d83c247\" data-element_type=\"column\">\n\t\t\t<div class=\"elementor-widget-wrap elementor-element-populated\">\n\t\t\t\t\t\t<div class=\"elementor-element elementor-element-5aa45e70 elementor-widget__width-initial elementor-widget elementor-widget-image-box\" data-id=\"5aa45e70\" data-element_type=\"widget\" data-widget_type=\"image-box.default\">\n\t\t\t\t<div class=\"elementor-widget-container\">\n\t\t\t\t\t<div class=\"elementor-image-box-wrapper\"><div class=\"elementor-image-box-content\"><h1 class=\"elementor-image-box-title\">Casos de \u00e9xito<\/h1><\/div><\/div>\t\t\t\t<\/div>\n\t\t\t\t<\/div>\n\t\t\t\t\t<\/div>\n\t\t<\/div>\n\t\t\t\t\t<\/div>\n\t\t<\/section>\n\t\t\t\t<section class=\"elementor-section elementor-top-section elementor-element elementor-element-63b24f88 elementor-section-boxed elementor-section-height-default elementor-section-height-default\" data-id=\"63b24f88\" data-element_type=\"section\" data-settings=\"{&quot;background_background&quot;:&quot;classic&quot;}\">\n\t\t\t\t\t\t<div class=\"elementor-container elementor-column-gap-no\">\n\t\t\t\t\t<div class=\"elementor-column elementor-col-50 elementor-top-column elementor-element elementor-element-594ccb55\" data-id=\"594ccb55\" data-element_type=\"column\" data-settings=\"{&quot;background_background&quot;:&quot;classic&quot;}\">\n\t\t\t<div class=\"elementor-widget-wrap elementor-element-populated\">\n\t\t\t\t\t\t<div class=\"elementor-element elementor-element-22e0f9aa elementor-widget elementor-widget-image-box\" data-id=\"22e0f9aa\" data-element_type=\"widget\" data-widget_type=\"image-box.default\">\n\t\t\t\t<div class=\"elementor-widget-container\">\n\t\t\t\t\t<div class=\"elementor-image-box-wrapper\"><div class=\"elementor-image-box-content\"><h2 class=\"elementor-image-box-title\">Transporte Internacional de cargas convencionales para energ\u00edas limpias<\/h2><\/div><\/div>\t\t\t\t<\/div>\n\t\t\t\t<\/div>\n\t\t\t\t\t<\/div>\n\t\t<\/div>\n\t\t\t\t<div class=\"elementor-column elementor-col-50 elementor-top-column elementor-element elementor-element-489245f2\" data-id=\"489245f2\" data-element_type=\"column\">\n\t\t\t<div class=\"elementor-widget-wrap elementor-element-populated\">\n\t\t\t\t\t\t<div class=\"elementor-element elementor-element-6fd583e3 elementor-widget elementor-widget-video\" data-id=\"6fd583e3\" data-element_type=\"widget\" data-settings=\"{&quot;youtube_url&quot;:&quot;https:\\\/\\\/www.youtube.com\\\/watch?v=3c3saUjB17U&amp;feature=youtu.be&quot;,&quot;start&quot;:0,&quot;video_type&quot;:&quot;youtube&quot;}\" data-widget_type=\"video.default\">\n\t\t\t\t<div class=\"elementor-widget-container\">\n\t\t\t\t\t\t\t<div class=\"elementor-wrapper elementor-open-inline\">\n\t\t\t<div class=\"elementor-video\"><\/div>\t\t<\/div>\n\t\t\t\t\t\t<\/div>\n\t\t\t\t<\/div>\n\t\t\t\t\t<\/div>\n\t\t<\/div>\n\t\t\t\t\t<\/div>\n\t\t<\/section>\n\t\t<div class=\"elementor-element elementor-element-5429a7b3 e-flex e-con-boxed e-con e-parent\" data-id=\"5429a7b3\" data-element_type=\"container\">\n\t\t\t\t\t<div class=\"e-con-inner\">\n\t\t<div class=\"elementor-element elementor-element-7e1ae457 e-con-full e-flex e-con e-child\" data-id=\"7e1ae457\" data-element_type=\"container\">\n\t\t\t\t<div class=\"elementor-element elementor-element-59dafca7 elementor-widget elementor-widget-image\" data-id=\"59dafca7\" data-element_type=\"widget\" data-widget_type=\"image.default\">\n\t\t\t\t<div class=\"elementor-widget-container\">\n\t\t\t\t\t\t\t\t\t\t\t\t\t\t\t<img decoding=\"async\" src=\"https:\/\/hansameyer.cl\/wp-content\/uploads\/elementor\/thumbs\/cropped-logo-transparente-1-qbanyvy0ffs09nz3ddn0wyspurgd2b7czkl00vuxfw.png\" title=\"cropped-logo-transparente-1.png\" alt=\"cropped-logo-transparente-1.png\" loading=\"lazy\" \/>\t\t\t\t\t\t\t\t\t\t\t\t\t\t\t<\/div>\n\t\t\t\t<\/div>\n\t\t\t\t<div class=\"elementor-element elementor-element-21571772 e-grid-align-left elementor-shape-rounded elementor-grid-0 elementor-widget elementor-widget-social-icons\" data-id=\"21571772\" data-element_type=\"widget\" data-widget_type=\"social-icons.default\">\n\t\t\t\t<div class=\"elementor-widget-container\">\n\t\t\t\t\t\t\t<div class=\"elementor-social-icons-wrapper elementor-grid\" role=\"list\">\n\t\t\t\t\t\t\t<span class=\"elementor-grid-item\" role=\"listitem\">\n\t\t\t\t\t<a class=\"elementor-icon elementor-social-icon elementor-social-icon-linkedin elementor-repeater-item-66df46f\" href=\"https:\/\/www.linkedin.com\/company\/hansa-meyer-shipway---chile\/\" target=\"_blank\">\n\t\t\t\t\t\t<span class=\"elementor-screen-only\">Linkedin<\/span>\n\t\t\t\t\t\t<svg class=\"e-font-icon-svg e-fab-linkedin\" viewBox=\"0 0 448 512\" xmlns=\"http:\/\/www.w3.org\/2000\/svg\"><path d=\"M416 32H31.9C14.3 32 0 46.5 0 64.3v383.4C0 465.5 14.3 480 31.9 480H416c17.6 0 32-14.5 32-32.3V64.3c0-17.8-14.4-32.3-32-32.3zM135.4 416H69V202.2h66.5V416zm-33.2-243c-21.3 0-38.5-17.3-38.5-38.5S80.9 96 102.2 96c21.2 0 38.5 17.3 38.5 38.5 0 21.3-17.2 38.5-38.5 38.5zm282.1 243h-66.4V312c0-24.8-.5-56.7-34.5-56.7-34.6 0-39.9 27-39.9 54.9V416h-66.4V202.2h63.7v29.2h.9c8.9-16.8 30.6-34.5 62.9-34.5 67.2 0 79.7 44.3 79.7 101.9V416z\"><\/path><\/svg>\t\t\t\t\t<\/a>\n\t\t\t\t<\/span>\n\t\t\t\t\t\t\t<span class=\"elementor-grid-item\" role=\"listitem\">\n\t\t\t\t\t<a class=\"elementor-icon elementor-social-icon elementor-social-icon-youtube elementor-repeater-item-c2fc04a\" href=\"https:\/\/vimeo.com\/user56070178\" target=\"_blank\">\n\t\t\t\t\t\t<span class=\"elementor-screen-only\">Youtube<\/span>\n\t\t\t\t\t\t<svg class=\"e-font-icon-svg e-fab-youtube\" viewBox=\"0 0 576 512\" xmlns=\"http:\/\/www.w3.org\/2000\/svg\"><path d=\"M549.655 124.083c-6.281-23.65-24.787-42.276-48.284-48.597C458.781 64 288 64 288 64S117.22 64 74.629 75.486c-23.497 6.322-42.003 24.947-48.284 48.597-11.412 42.867-11.412 132.305-11.412 132.305s0 89.438 11.412 132.305c6.281 23.65 24.787 41.5 48.284 47.821C117.22 448 288 448 288 448s170.78 0 213.371-11.486c23.497-6.321 42.003-24.171 48.284-47.821 11.412-42.867 11.412-132.305 11.412-132.305s0-89.438-11.412-132.305zm-317.51 213.508V175.185l142.739 81.205-142.739 81.201z\"><\/path><\/svg>\t\t\t\t\t<\/a>\n\t\t\t\t<\/span>\n\t\t\t\t\t<\/div>\n\t\t\t\t\t\t<\/div>\n\t\t\t\t<\/div>\n\t\t\t\t<\/div>\n\t\t<div class=\"elementor-element elementor-element-271e6789 e-con-full e-flex e-con e-child\" data-id=\"271e6789\" data-element_type=\"container\">\n\t\t\t\t<div class=\"elementor-element elementor-element-2bab4bef elementor-widget elementor-widget-text-editor\" data-id=\"2bab4bef\" data-element_type=\"widget\" data-widget_type=\"text-editor.default\">\n\t\t\t\t<div class=\"elementor-widget-container\">\n\t\t\t\t\t\t\t\t\t<p>Oficinas Centrales<\/p>\t\t\t\t\t\t\t\t<\/div>\n\t\t\t\t<\/div>\n\t\t\t\t<div class=\"elementor-element elementor-element-60fc5ef6 elementor-widget elementor-widget-text-editor\" data-id=\"60fc5ef6\" data-element_type=\"widget\" data-widget_type=\"text-editor.default\">\n\t\t\t\t<div class=\"elementor-widget-container\">\n\t\t\t\t\t\t\t\t\t<p><a class=\"menu-link\" href=\"https:\/\/www.google.com\/maps\/place\/Alonso+de+C%C3%B3rdova+5670,+7560875+Las+Condes,+Regi%C3%B3n+Metropolitana,+Chile\/@-33.4067907,-70.5749841,17z\/data=!3m1!4b1!4m6!3m5!1s0x9662cedf3706749f:0x4500b13c614677cb!8m2!3d-33.4067952!4d-70.5724038!16s%2Fg%2F11tf2xxs2r?entry=ttu\">Av. Alonso de Cordova 5670, Of 302, Las Condes, Santiago, Chile.<\/a><\/p>\t\t\t\t\t\t\t\t<\/div>\n\t\t\t\t<\/div>\n\t\t\t\t<\/div>\n\t\t<div class=\"elementor-element elementor-element-477d0b98 e-con-full e-flex e-con e-child\" data-id=\"477d0b98\" data-element_type=\"container\">\n\t\t\t\t<div class=\"elementor-element elementor-element-7f13dcb4 elementor-widget elementor-widget-text-editor\" data-id=\"7f13dcb4\" data-element_type=\"widget\" data-widget_type=\"text-editor.default\">\n\t\t\t\t<div class=\"elementor-widget-container\">\n\t\t\t\t\t\t\t\t\t<p>Warehouse Antofagasta<\/p>\t\t\t\t\t\t\t\t<\/div>\n\t\t\t\t<\/div>\n\t\t\t\t<div class=\"elementor-element elementor-element-7db96165 elementor-widget elementor-widget-text-editor\" data-id=\"7db96165\" data-element_type=\"widget\" data-widget_type=\"text-editor.default\">\n\t\t\t\t<div class=\"elementor-widget-container\">\n\t\t\t\t\t\t\t\t\t<p><a class=\"menu-link\" href=\"https:\/\/www.google.com\/maps\/place\/Lapisl%C3%A1zuli+786,+1266965+Antofagasta,+Chile\/@-23.5368278,-70.3906036,17z\/data=!3m1!4b1!4m6!3m5!1s0x96ae2a2c729cd79f:0x9a7292e911943286!8m2!3d-23.5368327!4d-70.3880287!16s%2Fg%2F11gm_bjhmk?entry=ttu\">Lapislazuli 786, Sector La Chimba, Antofagasta, Chile.<\/a><\/p>\t\t\t\t\t\t\t\t<\/div>\n\t\t\t\t<\/div>\n\t\t\t\t<div class=\"elementor-element elementor-element-b93a340 elementor-widget elementor-widget-heading\" data-id=\"b93a340\" data-element_type=\"widget\" data-widget_type=\"heading.default\">\n\t\t\t\t<div class=\"elementor-widget-container\">\n\t\t\t\t\t<span class=\"elementor-heading-title elementor-size-default\"><a href=\"https:\/\/hansameyer.cl\/index.php\/elementor-1703\/\">.<\/a><\/span>\t\t\t\t<\/div>\n\t\t\t\t<\/div>\n\t\t\t\t<\/div>\n\t\t\t\t\t<\/div>\n\t\t\t\t<\/div>\n\t\t<div class=\"elementor-element elementor-element-cc9a4ad e-flex e-con-boxed e-con e-parent\" data-id=\"cc9a4ad\" data-element_type=\"container\">\n\t\t\t\t\t<div class=\"e-con-inner\">\n\t\t\t\t\t<\/div>\n\t\t\t\t<\/div>\n\t\t\t\t<\/div>\n\t\t","protected":false},"excerpt":{"rendered":"<p>Como Arquitectos del transporte, Hansa Meyer Shipway combina distintos medios de transporte por v\u00edas mar\u00edtimas, a\u00e9reas y terrestres. Las cargas son recogidas en un punto de origen y entregada en destino final. Seguimiento de Ordenes de Compra de los clientes en el exterior. Seguros de Mercader\u00eda. Embalaje \u2013 preparaci\u00f3n de la mercader\u00eda \u2013 etiquetados. Recepci\u00f3n [&hellip;]<\/p>\n","protected":false},"author":1,"featured_media":0,"parent":0,"menu_order":0,"comment_status":"closed","ping_status":"closed","template":"","meta":{"_eb_attr":"","site-sidebar-layout":"no-sidebar","site-content-layout":"page-builder","ast-site-content-layout":"full-width-container","site-content-style":"unboxed","site-sidebar-style":"unboxed","ast-global-header-display":"","ast-banner-title-visibility":"","ast-main-header-display":"","ast-hfb-above-header-display":"","ast-hfb-below-header-display":"","ast-hfb-mobile-header-display":"","site-post-title":"disabled","ast-breadcrumbs-content":"","ast-featured-img":"","footer-sml-layout":"","theme-transparent-header-meta":"enabled","adv-header-id-meta":"","stick-header-meta":"","header-above-stick-meta":"","header-main-stick-meta":"","header-below-stick-meta":"","astra-migrate-meta-layouts":"set","ast-page-background-enabled":"default","ast-page-background-meta":{"desktop":{"background-color":"","background-image":"","background-repeat":"repeat","background-position":"center center","background-size":"auto","background-attachment":"scroll","background-type":"","background-media":"","overlay-type":"","overlay-color":"","overlay-opacity":"","overlay-gradient":""},"tablet":{"background-color":"","background-image":"","background-repeat":"repeat","background-position":"center center","background-size":"auto","background-attachment":"scroll","background-type":"","background-media":"","overlay-type":"","overlay-color":"","overlay-opacity":"","overlay-gradient":""},"mobile":{"background-color":"","background-image":"","background-repeat":"repeat","background-position":"center center","background-size":"auto","background-attachment":"scroll","background-type":"","background-media":"","overlay-type":"","overlay-color":"","overlay-opacity":"","overlay-gradient":""}},"ast-content-background-meta":{"desktop":{"background-color":"var(--ast-global-color-5)","background-image":"","background-repeat":"repeat","background-position":"center center","background-size":"auto","background-attachment":"scroll","background-type":"","background-media":"","overlay-type":"","overlay-color":"","overlay-opacity":"","overlay-gradient":""},"tablet":{"background-color":"var(--ast-global-color-5)","background-image":"","background-repeat":"repeat","background-position":"center center","background-size":"auto","background-attachment":"scroll","background-type":"","background-media":"","overlay-type":"","overlay-color":"","overlay-opacity":"","overlay-gradient":""},"mobile":{"background-color":"var(--ast-global-color-5)","background-image":"","background-repeat":"repeat","background-position":"center center","background-size":"auto","background-attachment":"scroll","background-type":"","background-media":"","overlay-type":"","overlay-color":"","overlay-opacity":"","overlay-gradient":""}},"footnotes":""},"class_list":["post-562","page","type-page","status-publish","hentry"],"_links":{"self":[{"href":"https:\/\/hansameyer.cl\/index.php\/wp-json\/wp\/v2\/pages\/562","targetHints":{"allow":["GET"]}}],"collection":[{"href":"https:\/\/hansameyer.cl\/index.php\/wp-json\/wp\/v2\/pages"}],"about":[{"href":"https:\/\/hansameyer.cl\/index.php\/wp-json\/wp\/v2\/types\/page"}],"author":[{"embeddable":true,"href":"https:\/\/hansameyer.cl\/index.php\/wp-json\/wp\/v2\/users\/1"}],"replies":[{"embeddable":true,"href":"https:\/\/hansameyer.cl\/index.php\/wp-json\/wp\/v2\/comments?post=562"}],"version-history":[{"count":35,"href":"https:\/\/hansameyer.cl\/index.php\/wp-json\/wp\/v2\/pages\/562\/revisions"}],"predecessor-version":[{"id":1714,"href":"https:\/\/hansameyer.cl\/index.php\/wp-json\/wp\/v2\/pages\/562\/revisions\/1714"}],"wp:attachment":[{"href":"https:\/\/hansameyer.cl\/index.php\/wp-json\/wp\/v2\/media?parent=562"}],"curies":[{"name":"wp","href":"https:\/\/api.w.org\/{rel}","templated":true}]}}