{"id":559,"date":"2023-08-17T13:55:35","date_gmt":"2023-08-17T13:55:35","guid":{"rendered":"https:\/\/hansameyer.cl\/wordpress\/index.php\/transporte-de-cargas-especiales-2\/"},"modified":"2025-09-01T16:37:05","modified_gmt":"2025-09-01T16:37:05","slug":"transporte-de-cargas-especiales-2","status":"publish","type":"page","link":"https:\/\/hansameyer.cl\/index.php\/es\/transporte-de-cargas-especiales-2\/","title":{"rendered":"Transporte de cargas Especiales"},"content":{"rendered":"\t\t<div data-elementor-type=\"wp-page\" data-elementor-id=\"559\" class=\"elementor elementor-559\">\n\t\t\t\t\t\t<section class=\"elementor-section elementor-top-section elementor-element elementor-element-523b2fd7 elementor-section-full_width elementor-section-height-full elementor-section-height-default elementor-section-items-middle\" data-id=\"523b2fd7\" data-element_type=\"section\" data-settings=\"{&quot;background_background&quot;:&quot;classic&quot;}\">\n\t\t\t\t\t\t\t<div class=\"elementor-background-overlay\"><\/div>\n\t\t\t\t\t\t\t<div class=\"elementor-container elementor-column-gap-default\">\n\t\t\t\t\t<div class=\"elementor-column elementor-col-100 elementor-top-column elementor-element elementor-element-1e2a6d4d\" data-id=\"1e2a6d4d\" data-element_type=\"column\">\n\t\t\t<div class=\"elementor-widget-wrap\">\n\t\t\t\t\t\t\t<\/div>\n\t\t<\/div>\n\t\t\t\t\t<\/div>\n\t\t<\/section>\n\t\t\t\t<section class=\"elementor-section elementor-top-section elementor-element elementor-element-464e35 elementor-section-boxed elementor-section-height-default elementor-section-height-default\" data-id=\"464e35\" data-element_type=\"section\">\n\t\t\t\t\t\t<div class=\"elementor-container elementor-column-gap-no\">\n\t\t\t\t\t<div class=\"elementor-column elementor-col-50 elementor-top-column elementor-element elementor-element-43f8eba0\" data-id=\"43f8eba0\" data-element_type=\"column\">\n\t\t\t<div class=\"elementor-widget-wrap elementor-element-populated\">\n\t\t\t\t\t\t<div class=\"elementor-element elementor-element-19467bd8 elementor-widget elementor-widget-heading\" data-id=\"19467bd8\" data-element_type=\"widget\" data-widget_type=\"heading.default\">\n\t\t\t\t<div class=\"elementor-widget-container\">\n\t\t\t\t\t<h3 class=\"elementor-heading-title elementor-size-default\">El Management de Proyectos Log\u00edsticos Globales (GLPM) involucra el transporte de Cargas especiales, es decir aquellas que tienen sobre-medidas y o sobre-pesos. <\/h3>\t\t\t\t<\/div>\n\t\t\t\t<\/div>\n\t\t\t\t\t<\/div>\n\t\t<\/div>\n\t\t\t\t<div class=\"elementor-column elementor-col-50 elementor-top-column elementor-element elementor-element-30917b36\" data-id=\"30917b36\" data-element_type=\"column\">\n\t\t\t<div class=\"elementor-widget-wrap elementor-element-populated\">\n\t\t\t\t\t\t<div class=\"elementor-element elementor-element-483b8724 elementor-widget elementor-widget-text-editor\" data-id=\"483b8724\" data-element_type=\"widget\" data-widget_type=\"text-editor.default\">\n\t\t\t\t<div class=\"elementor-widget-container\">\n\t\t\t\t\t\t\t\t\t<p align=\"JUSTIFY\"><span style=\"color: #575250;\"><span style=\"font-family: Arial, sans-serif;\">Para realizar estos transportes en forma exitosa, se requiere de una buena <\/span><\/span><span style=\"color: #575250;\"><span style=\"font-family: Arial, sans-serif;\"><b>planificaci\u00f3n<\/b><\/span><\/span><span style=\"color: #575250;\"><span style=\"font-family: Arial, sans-serif;\"> previa sobre todas las variables conocidas y de un <\/span><\/span><span style=\"color: #575250;\"><span style=\"font-family: Arial, sans-serif;\"><b>equipo<\/b><\/span><\/span><span style=\"color: #575250;\"><span style=\"font-family: Arial, sans-serif;\"> de trabajo entrenado, con los <\/span><\/span><span style=\"color: #575250;\"><span style=\"font-family: Arial, sans-serif;\"><b>elementos<\/b><\/span><\/span><span style=\"color: #575250;\"><span style=\"font-family: Arial, sans-serif;\"> adecuados y que sea capaz de ejecutar el <\/span><\/span><span style=\"color: #575250;\"><span style=\"font-family: Arial, sans-serif;\"><b>plan maestro<\/b><\/span><\/span><span style=\"color: #575250;\"><span style=\"font-family: Arial, sans-serif;\">.<\/span><\/span><\/p>\n<p align=\"JUSTIFY\"><span style=\"color: #575250;\"><span style=\"font-family: Arial, sans-serif;\">Hansa Meyer Shipway ha definido seguir los siguientes par\u00e1metros, para definir los procesos log\u00edsticos de proyectos:<\/span><\/span><\/p>\n<p align=\"JUSTIFY\"><span style=\"color: #575250;\"><span style=\"font-family: Arial, sans-serif;\">Iniciaci\u00f3n &gt; Planificaci\u00f3n &gt; Ejecuci\u00f3n &gt; Control &amp; Seguimiento &gt; Cierre<\/span><\/span><\/p>\n<p align=\"JUSTIFY\"><span style=\"color: #575250;\"><span style=\"font-family: Arial, sans-serif;\">Todos los proyectos tienen variables o sucesos que al inicio del mismo no se conocen, as\u00ed es que para que el GLPM siga siendo exitoso requerir\u00e1 de la experiencia, del conocimiento y de la imaginaci\u00f3n que este grupo de trabajo sea capaz de aportar en los momentos cr\u00edticos, para poder encontrar las soluciones adecuadas a lo inesperado.<\/span><\/span><\/p>\n<p align=\"JUSTIFY\"><span style=\"color: #575250;\"><span style=\"font-family: Arial, sans-serif;\">Es decir, planificamos aun lo inesperado.&nbsp;El Hansa Meyer Shipway\u2019s Team cuenta con:<\/span><\/span><\/p>\n<ul>\n<li style=\"list-style-type: none;\">\n<ul>\n<li>\n<p align=\"JUSTIFY\"><span style=\"color: #575250;\"><span style=\"font-family: Arial, sans-serif;\">M\u00e9todo: para planificar adecuadamente lo conocido.<\/span><\/span><\/p>\n<\/li>\n<li>\n<p align=\"JUSTIFY\"><span style=\"color: #575250;\"><span style=\"font-family: Arial, sans-serif;\">Experiencia para resolver lo inesperado.<\/span><\/span><\/p>\n<\/li>\n<li>\n<p align=\"JUSTIFY\"><span style=\"color: #575250;\"><span style=\"font-family: Arial, sans-serif;\">Sistemas: para coordinar los movimientos y mantener informado al resto del grupo.<\/span><\/span><\/p>\n<\/li>\n<li>\n<p align=\"JUSTIFY\"><span style=\"color: #575250;\"><span style=\"font-family: Arial, sans-serif;\">Red de Hansa Meyer Global en los paises con propia presencia.<\/span><\/span><\/p>\n<\/li>\n<li>\n<p align=\"JUSTIFY\"><span style=\"color: #575250;\"><span style=\"font-family: Arial, sans-serif;\">Tres redes adicionales especializadas en proyectos, <\/span><\/span><span style=\"color: #575250;\"><span style=\"font-family: Arial, sans-serif;\"><b>Project Cargo Nerwork<\/b><\/span><\/span><span style=\"color: #575250;\"><span style=\"font-family: Arial, sans-serif;\"> (PCN),&nbsp;<\/span><\/span><span style=\"color: #575250;\"><span style=\"font-family: Arial, sans-serif;\"><b>World Cargo Alliance Project Network<\/b><\/span><\/span><span style=\"color: #575250;\"><span style=\"font-family: Arial, sans-serif;\"> (WCAP) y&nbsp;<\/span><\/span><font color=\"#575250\" face=\"Arial, sans-serif\"><b>Air &amp; Ocean Partners&nbsp;<\/b><\/font><span style=\"color: rgb(87, 82, 80); font-family: Arial, sans-serif; font-style: inherit; font-weight: inherit;\">(AOP),&nbsp;<\/span><font color=\"#575250\" face=\"Arial, sans-serif\">todos con las mismas capacidades y experiencias.<\/font><\/p>\n<\/li>\n<li>\n<p align=\"JUSTIFY\"><span style=\"color: #575250;\"><span style=\"font-family: Arial, sans-serif;\">&nbsp;todas con mismas capacidades y experiencias.<\/span><\/span><\/p>\n<\/li>\n<\/ul>\n<\/li>\n<\/ul>\t\t\t\t\t\t\t\t<\/div>\n\t\t\t\t<\/div>\n\t\t\t\t\t<\/div>\n\t\t<\/div>\n\t\t\t\t\t<\/div>\n\t\t<\/section>\n\t\t\t\t<section class=\"elementor-section elementor-top-section elementor-element elementor-element-33b29a40 elementor-section-boxed elementor-section-height-default elementor-section-height-default\" data-id=\"33b29a40\" data-element_type=\"section\" data-settings=\"{&quot;background_background&quot;:&quot;classic&quot;}\">\n\t\t\t\t\t\t<div class=\"elementor-container elementor-column-gap-default\">\n\t\t\t\t\t<div class=\"elementor-column elementor-col-100 elementor-top-column elementor-element elementor-element-14088d93\" data-id=\"14088d93\" data-element_type=\"column\">\n\t\t\t<div class=\"elementor-widget-wrap elementor-element-populated\">\n\t\t\t\t\t\t<div class=\"elementor-element elementor-element-360d15a6 elementor-widget__width-initial elementor-widget elementor-widget-image-box\" data-id=\"360d15a6\" data-element_type=\"widget\" data-widget_type=\"image-box.default\">\n\t\t\t\t<div class=\"elementor-widget-container\">\n\t\t\t\t\t<div class=\"elementor-image-box-wrapper\"><div class=\"elementor-image-box-content\"><h1 class=\"elementor-image-box-title\">Casos de \u00e9xito<\/h1><\/div><\/div>\t\t\t\t<\/div>\n\t\t\t\t<\/div>\n\t\t\t\t\t<\/div>\n\t\t<\/div>\n\t\t\t\t\t<\/div>\n\t\t<\/section>\n\t\t\t\t<section class=\"elementor-section elementor-top-section elementor-element elementor-element-3f40e03d elementor-section-boxed elementor-section-height-default elementor-section-height-default\" data-id=\"3f40e03d\" data-element_type=\"section\" data-settings=\"{&quot;background_background&quot;:&quot;classic&quot;}\">\n\t\t\t\t\t\t<div class=\"elementor-container elementor-column-gap-no\">\n\t\t\t\t\t<div class=\"elementor-column elementor-col-50 elementor-top-column elementor-element elementor-element-1ce6701c\" data-id=\"1ce6701c\" data-element_type=\"column\" data-settings=\"{&quot;background_background&quot;:&quot;classic&quot;}\">\n\t\t\t<div class=\"elementor-widget-wrap elementor-element-populated\">\n\t\t\t\t\t\t<div class=\"elementor-element elementor-element-28483f29 elementor-widget elementor-widget-image-box\" data-id=\"28483f29\" data-element_type=\"widget\" data-widget_type=\"image-box.default\">\n\t\t\t\t<div class=\"elementor-widget-container\">\n\t\t\t\t\t<div class=\"elementor-image-box-wrapper\"><div class=\"elementor-image-box-content\"><h2 class=\"elementor-image-box-title\">Transporte de Cargas Especiales Transporte de 12 Calderas 155 tn AN 225<\/h2><\/div><\/div>\t\t\t\t<\/div>\n\t\t\t\t<\/div>\n\t\t\t\t\t<\/div>\n\t\t<\/div>\n\t\t\t\t<div class=\"elementor-column elementor-col-50 elementor-top-column elementor-element elementor-element-7cba0d95\" data-id=\"7cba0d95\" data-element_type=\"column\">\n\t\t\t<div class=\"elementor-widget-wrap elementor-element-populated\">\n\t\t\t\t\t\t<div class=\"elementor-element elementor-element-6435b784 elementor-widget elementor-widget-video\" data-id=\"6435b784\" data-element_type=\"widget\" data-settings=\"{&quot;youtube_url&quot;:&quot;https:\\\/\\\/youtu.be\\\/jF_QD9Bb_gw&quot;,&quot;video_type&quot;:&quot;youtube&quot;,&quot;controls&quot;:&quot;yes&quot;}\" data-widget_type=\"video.default\">\n\t\t\t\t<div class=\"elementor-widget-container\">\n\t\t\t\t\t\t\t<div class=\"elementor-wrapper elementor-open-inline\">\n\t\t\t<div class=\"elementor-video\"><\/div>\t\t<\/div>\n\t\t\t\t\t\t<\/div>\n\t\t\t\t<\/div>\n\t\t\t\t\t<\/div>\n\t\t<\/div>\n\t\t\t\t\t<\/div>\n\t\t<\/section>\n\t\t\t\t<section class=\"elementor-section elementor-top-section elementor-element elementor-element-549262e2 elementor-section-boxed elementor-section-height-default elementor-section-height-default\" data-id=\"549262e2\" data-element_type=\"section\" data-settings=\"{&quot;background_background&quot;:&quot;classic&quot;}\">\n\t\t\t\t\t\t<div class=\"elementor-container elementor-column-gap-no\">\n\t\t\t\t\t<div class=\"elementor-column elementor-col-50 elementor-top-column elementor-element elementor-element-16a74d9e\" data-id=\"16a74d9e\" data-element_type=\"column\" data-settings=\"{&quot;background_background&quot;:&quot;classic&quot;}\">\n\t\t\t<div class=\"elementor-widget-wrap elementor-element-populated\">\n\t\t\t\t\t\t<div class=\"elementor-element elementor-element-210c186c elementor-widget elementor-widget-image-box\" data-id=\"210c186c\" data-element_type=\"widget\" data-widget_type=\"image-box.default\">\n\t\t\t\t<div class=\"elementor-widget-container\">\n\t\t\t\t\t<div class=\"elementor-image-box-wrapper\"><div class=\"elementor-image-box-content\"><h2 class=\"elementor-image-box-title\">Transporte de Cargas Especiales Transporte de Salas El\u00e9ctricas de ABB<\/h2><\/div><\/div>\t\t\t\t<\/div>\n\t\t\t\t<\/div>\n\t\t\t\t\t<\/div>\n\t\t<\/div>\n\t\t\t\t<div class=\"elementor-column elementor-col-50 elementor-top-column elementor-element elementor-element-5edcd131\" data-id=\"5edcd131\" data-element_type=\"column\">\n\t\t\t<div class=\"elementor-widget-wrap elementor-element-populated\">\n\t\t\t\t\t\t<div class=\"elementor-element elementor-element-72de4649 elementor-widget elementor-widget-video\" data-id=\"72de4649\" data-element_type=\"widget\" data-settings=\"{&quot;youtube_url&quot;:&quot;https:\\\/\\\/youtu.be\\\/qE570Z9XG4w&quot;,&quot;video_type&quot;:&quot;youtube&quot;,&quot;controls&quot;:&quot;yes&quot;}\" data-widget_type=\"video.default\">\n\t\t\t\t<div class=\"elementor-widget-container\">\n\t\t\t\t\t\t\t<div class=\"elementor-wrapper elementor-open-inline\">\n\t\t\t<div class=\"elementor-video\"><\/div>\t\t<\/div>\n\t\t\t\t\t\t<\/div>\n\t\t\t\t<\/div>\n\t\t\t\t\t<\/div>\n\t\t<\/div>\n\t\t\t\t\t<\/div>\n\t\t<\/section>\n\t\t<div class=\"elementor-element elementor-element-51df1e4f e-flex e-con-boxed e-con e-parent\" data-id=\"51df1e4f\" data-element_type=\"container\">\n\t\t\t\t\t<div class=\"e-con-inner\">\n\t\t<div class=\"elementor-element elementor-element-56718b5c e-con-full e-flex e-con e-child\" data-id=\"56718b5c\" data-element_type=\"container\">\n\t\t\t\t<div class=\"elementor-element elementor-element-6677c83c elementor-widget elementor-widget-image\" data-id=\"6677c83c\" data-element_type=\"widget\" data-widget_type=\"image.default\">\n\t\t\t\t<div class=\"elementor-widget-container\">\n\t\t\t\t\t\t\t\t\t\t\t\t\t\t\t<img decoding=\"async\" src=\"https:\/\/hansameyer.cl\/wp-content\/uploads\/elementor\/thumbs\/cropped-logo-transparente-1-qbanyvy0ffs09nz3ddn0wyspurgd2b7czkl00vuxfw.png\" title=\"cropped-logo-transparente-1.png\" alt=\"cropped-logo-transparente-1.png\" loading=\"lazy\" \/>\t\t\t\t\t\t\t\t\t\t\t\t\t\t\t<\/div>\n\t\t\t\t<\/div>\n\t\t\t\t<div class=\"elementor-element elementor-element-790df366 e-grid-align-left elementor-shape-rounded elementor-grid-0 elementor-widget elementor-widget-social-icons\" data-id=\"790df366\" data-element_type=\"widget\" data-widget_type=\"social-icons.default\">\n\t\t\t\t<div class=\"elementor-widget-container\">\n\t\t\t\t\t\t\t<div class=\"elementor-social-icons-wrapper elementor-grid\" role=\"list\">\n\t\t\t\t\t\t\t<span class=\"elementor-grid-item\" role=\"listitem\">\n\t\t\t\t\t<a class=\"elementor-icon elementor-social-icon elementor-social-icon-linkedin elementor-repeater-item-66df46f\" href=\"https:\/\/www.linkedin.com\/company\/hansa-meyer-shipway---chile\/\" target=\"_blank\">\n\t\t\t\t\t\t<span class=\"elementor-screen-only\">Linkedin<\/span>\n\t\t\t\t\t\t<svg class=\"e-font-icon-svg e-fab-linkedin\" viewBox=\"0 0 448 512\" xmlns=\"http:\/\/www.w3.org\/2000\/svg\"><path d=\"M416 32H31.9C14.3 32 0 46.5 0 64.3v383.4C0 465.5 14.3 480 31.9 480H416c17.6 0 32-14.5 32-32.3V64.3c0-17.8-14.4-32.3-32-32.3zM135.4 416H69V202.2h66.5V416zm-33.2-243c-21.3 0-38.5-17.3-38.5-38.5S80.9 96 102.2 96c21.2 0 38.5 17.3 38.5 38.5 0 21.3-17.2 38.5-38.5 38.5zm282.1 243h-66.4V312c0-24.8-.5-56.7-34.5-56.7-34.6 0-39.9 27-39.9 54.9V416h-66.4V202.2h63.7v29.2h.9c8.9-16.8 30.6-34.5 62.9-34.5 67.2 0 79.7 44.3 79.7 101.9V416z\"><\/path><\/svg>\t\t\t\t\t<\/a>\n\t\t\t\t<\/span>\n\t\t\t\t\t\t\t<span class=\"elementor-grid-item\" role=\"listitem\">\n\t\t\t\t\t<a class=\"elementor-icon elementor-social-icon elementor-social-icon-youtube elementor-repeater-item-c2fc04a\" href=\"https:\/\/vimeo.com\/user56070178\" target=\"_blank\">\n\t\t\t\t\t\t<span class=\"elementor-screen-only\">Youtube<\/span>\n\t\t\t\t\t\t<svg class=\"e-font-icon-svg e-fab-youtube\" viewBox=\"0 0 576 512\" xmlns=\"http:\/\/www.w3.org\/2000\/svg\"><path d=\"M549.655 124.083c-6.281-23.65-24.787-42.276-48.284-48.597C458.781 64 288 64 288 64S117.22 64 74.629 75.486c-23.497 6.322-42.003 24.947-48.284 48.597-11.412 42.867-11.412 132.305-11.412 132.305s0 89.438 11.412 132.305c6.281 23.65 24.787 41.5 48.284 47.821C117.22 448 288 448 288 448s170.78 0 213.371-11.486c23.497-6.321 42.003-24.171 48.284-47.821 11.412-42.867 11.412-132.305 11.412-132.305s0-89.438-11.412-132.305zm-317.51 213.508V175.185l142.739 81.205-142.739 81.201z\"><\/path><\/svg>\t\t\t\t\t<\/a>\n\t\t\t\t<\/span>\n\t\t\t\t\t<\/div>\n\t\t\t\t\t\t<\/div>\n\t\t\t\t<\/div>\n\t\t\t\t<\/div>\n\t\t<div class=\"elementor-element elementor-element-386563fa e-con-full e-flex e-con e-child\" data-id=\"386563fa\" data-element_type=\"container\">\n\t\t\t\t<div class=\"elementor-element elementor-element-5c3f9d09 elementor-widget elementor-widget-text-editor\" data-id=\"5c3f9d09\" data-element_type=\"widget\" data-widget_type=\"text-editor.default\">\n\t\t\t\t<div class=\"elementor-widget-container\">\n\t\t\t\t\t\t\t\t\t<p>Oficinas Centrales<\/p>\t\t\t\t\t\t\t\t<\/div>\n\t\t\t\t<\/div>\n\t\t\t\t<div class=\"elementor-element elementor-element-6ab3d615 elementor-widget elementor-widget-text-editor\" data-id=\"6ab3d615\" data-element_type=\"widget\" data-widget_type=\"text-editor.default\">\n\t\t\t\t<div class=\"elementor-widget-container\">\n\t\t\t\t\t\t\t\t\t<p><a class=\"menu-link\" href=\"https:\/\/www.google.com\/maps\/place\/Alonso+de+C%C3%B3rdova+5670,+7560875+Las+Condes,+Regi%C3%B3n+Metropolitana,+Chile\/@-33.4067907,-70.5749841,17z\/data=!3m1!4b1!4m6!3m5!1s0x9662cedf3706749f:0x4500b13c614677cb!8m2!3d-33.4067952!4d-70.5724038!16s%2Fg%2F11tf2xxs2r?entry=ttu\">Av. Alonso de Cordova 5670, Of 302, Las Condes, Santiago, Chile.<\/a><\/p>\t\t\t\t\t\t\t\t<\/div>\n\t\t\t\t<\/div>\n\t\t\t\t<\/div>\n\t\t<div class=\"elementor-element elementor-element-6b20735 e-con-full e-flex e-con e-child\" data-id=\"6b20735\" data-element_type=\"container\">\n\t\t\t\t<div class=\"elementor-element elementor-element-3fd7b1d elementor-widget elementor-widget-text-editor\" data-id=\"3fd7b1d\" data-element_type=\"widget\" data-widget_type=\"text-editor.default\">\n\t\t\t\t<div class=\"elementor-widget-container\">\n\t\t\t\t\t\t\t\t\t<p>Warehouse Antofagasta<\/p>\t\t\t\t\t\t\t\t<\/div>\n\t\t\t\t<\/div>\n\t\t\t\t<div class=\"elementor-element elementor-element-52fc2090 elementor-widget elementor-widget-text-editor\" data-id=\"52fc2090\" data-element_type=\"widget\" data-widget_type=\"text-editor.default\">\n\t\t\t\t<div class=\"elementor-widget-container\">\n\t\t\t\t\t\t\t\t\t<p><a class=\"menu-link\" href=\"https:\/\/www.google.com\/maps\/place\/Lapisl%C3%A1zuli+786,+1266965+Antofagasta,+Chile\/@-23.5368278,-70.3906036,17z\/data=!3m1!4b1!4m6!3m5!1s0x96ae2a2c729cd79f:0x9a7292e911943286!8m2!3d-23.5368327!4d-70.3880287!16s%2Fg%2F11gm_bjhmk?entry=ttu\">Lapislazuli 786, Sector La Chimba, Antofagasta, Chile.<\/a><\/p>\t\t\t\t\t\t\t\t<\/div>\n\t\t\t\t<\/div>\n\t\t\t\t<\/div>\n\t\t\t\t\t<\/div>\n\t\t\t\t<\/div>\n\t\t\t\t<\/div>\n\t\t","protected":false},"excerpt":{"rendered":"<p>El Management de Proyectos Log\u00edsticos Globales (GLPM) involucra el transporte de Cargas especiales, es decir aquellas que tienen sobre-medidas y o sobre-pesos. Para realizar estos transportes en forma exitosa, se requiere de una buena planificaci\u00f3n previa sobre todas las variables conocidas y de un equipo de trabajo entrenado, con los elementos adecuados y que sea [&hellip;]<\/p>\n","protected":false},"author":1,"featured_media":0,"parent":0,"menu_order":0,"comment_status":"closed","ping_status":"closed","template":"","meta":{"_eb_attr":"","site-sidebar-layout":"no-sidebar","site-content-layout":"page-builder","ast-site-content-layout":"full-width-container","site-content-style":"unboxed","site-sidebar-style":"unboxed","ast-global-header-display":"","ast-banner-title-visibility":"","ast-main-header-display":"","ast-hfb-above-header-display":"","ast-hfb-below-header-display":"","ast-hfb-mobile-header-display":"","site-post-title":"disabled","ast-breadcrumbs-content":"","ast-featured-img":"","footer-sml-layout":"","theme-transparent-header-meta":"enabled","adv-header-id-meta":"","stick-header-meta":"","header-above-stick-meta":"","header-main-stick-meta":"","header-below-stick-meta":"","astra-migrate-meta-layouts":"set","ast-page-background-enabled":"default","ast-page-background-meta":{"desktop":{"background-color":"","background-image":"","background-repeat":"repeat","background-position":"center center","background-size":"auto","background-attachment":"scroll","background-type":"","background-media":"","overlay-type":"","overlay-color":"","overlay-opacity":"","overlay-gradient":""},"tablet":{"background-color":"","background-image":"","background-repeat":"repeat","background-position":"center center","background-size":"auto","background-attachment":"scroll","background-type":"","background-media":"","overlay-type":"","overlay-color":"","overlay-opacity":"","overlay-gradient":""},"mobile":{"background-color":"","background-image":"","background-repeat":"repeat","background-position":"center center","background-size":"auto","background-attachment":"scroll","background-type":"","background-media":"","overlay-type":"","overlay-color":"","overlay-opacity":"","overlay-gradient":""}},"ast-content-background-meta":{"desktop":{"background-color":"var(--ast-global-color-5)","background-image":"","background-repeat":"repeat","background-position":"center center","background-size":"auto","background-attachment":"scroll","background-type":"","background-media":"","overlay-type":"","overlay-color":"","overlay-opacity":"","overlay-gradient":""},"tablet":{"background-color":"var(--ast-global-color-5)","background-image":"","background-repeat":"repeat","background-position":"center center","background-size":"auto","background-attachment":"scroll","background-type":"","background-media":"","overlay-type":"","overlay-color":"","overlay-opacity":"","overlay-gradient":""},"mobile":{"background-color":"var(--ast-global-color-5)","background-image":"","background-repeat":"repeat","background-position":"center center","background-size":"auto","background-attachment":"scroll","background-type":"","background-media":"","overlay-type":"","overlay-color":"","overlay-opacity":"","overlay-gradient":""}},"footnotes":""},"class_list":["post-559","page","type-page","status-publish","hentry"],"_links":{"self":[{"href":"https:\/\/hansameyer.cl\/index.php\/wp-json\/wp\/v2\/pages\/559","targetHints":{"allow":["GET"]}}],"collection":[{"href":"https:\/\/hansameyer.cl\/index.php\/wp-json\/wp\/v2\/pages"}],"about":[{"href":"https:\/\/hansameyer.cl\/index.php\/wp-json\/wp\/v2\/types\/page"}],"author":[{"embeddable":true,"href":"https:\/\/hansameyer.cl\/index.php\/wp-json\/wp\/v2\/users\/1"}],"replies":[{"embeddable":true,"href":"https:\/\/hansameyer.cl\/index.php\/wp-json\/wp\/v2\/comments?post=559"}],"version-history":[{"count":35,"href":"https:\/\/hansameyer.cl\/index.php\/wp-json\/wp\/v2\/pages\/559\/revisions"}],"predecessor-version":[{"id":1623,"href":"https:\/\/hansameyer.cl\/index.php\/wp-json\/wp\/v2\/pages\/559\/revisions\/1623"}],"wp:attachment":[{"href":"https:\/\/hansameyer.cl\/index.php\/wp-json\/wp\/v2\/media?parent=559"}],"curies":[{"name":"wp","href":"https:\/\/api.w.org\/{rel}","templated":true}]}}